{"id":2949,"date":"2022-11-29T13:38:25","date_gmt":"2022-11-29T13:38:25","guid":{"rendered":"https:\/\/lnrprogetti.it\/chi-siamo\/"},"modified":"2023-04-12T10:10:18","modified_gmt":"2023-04-12T10:10:18","slug":"chi-siamo","status":"publish","type":"page","link":"https:\/\/lnrprogetti.it\/fr\/chi-siamo\/","title":{"rendered":"\u00c0 propos de nous"},"content":{"rendered":"\t\t<div data-elementor-type=\"wp-page\" data-elementor-id=\"2949\" class=\"elementor elementor-2949 elementor-440\" data-elementor-post-type=\"page\">\n\t\t\t\t\t\t<section class=\"elementor-section elementor-top-section elementor-element elementor-element-3bb74cf elementor-section-boxed elementor-section-height-default elementor-section-height-default\" data-id=\"3bb74cf\" data-element_type=\"section\" data-e-type=\"section\" data-settings=\"{&quot;jet_parallax_layout_list&quot;:[],&quot;background_background&quot;:&quot;classic&quot;,&quot;motion_fx_motion_fx_scrolling&quot;:&quot;yes&quot;,&quot;motion_fx_devices&quot;:[&quot;desktop&quot;,&quot;tablet&quot;,&quot;mobile&quot;]}\">\n\t\t\t\t\t\t<div class=\"elementor-container elementor-column-gap-no\">\n\t\t\t\t\t<div class=\"elementor-column elementor-col-100 elementor-top-column elementor-element elementor-element-31300a5\" data-id=\"31300a5\" data-element_type=\"column\" data-e-type=\"column\">\n\t\t\t<div class=\"elementor-widget-wrap elementor-element-populated\">\n\t\t\t\t\t\t<div class=\"elementor-element elementor-element-7a09d8e elementor-widget elementor-widget-image\" data-id=\"7a09d8e\" data-element_type=\"widget\" data-e-type=\"widget\" data-settings=\"{&quot;motion_fx_motion_fx_scrolling&quot;:&quot;yes&quot;,&quot;motion_fx_translateY_speed&quot;:{&quot;unit&quot;:&quot;px&quot;,&quot;size&quot;:1.7,&quot;sizes&quot;:[]},&quot;motion_fx_translateY_affectedRange&quot;:{&quot;unit&quot;:&quot;%&quot;,&quot;size&quot;:&quot;&quot;,&quot;sizes&quot;:{&quot;start&quot;:0,&quot;end&quot;:50}},&quot;motion_fx_translateY_effect&quot;:&quot;yes&quot;,&quot;motion_fx_devices&quot;:[&quot;desktop&quot;,&quot;tablet&quot;,&quot;mobile&quot;]}\" data-widget_type=\"image.default\">\n\t\t\t\t<div class=\"elementor-widget-container\">\n\t\t\t\t\t\t\t\t\t\t\t\t\t\t\t<img fetchpriority=\"high\" decoding=\"async\" width=\"1163\" height=\"590\" src=\"https:\/\/lnrprogetti.it\/wp-content\/uploads\/2023\/03\/chisiamo-1.png\" class=\"attachment-full size-full wp-image-2286\" alt=\"\" srcset=\"https:\/\/lnrprogetti.it\/wp-content\/uploads\/2023\/03\/chisiamo-1.png 1163w, https:\/\/lnrprogetti.it\/wp-content\/uploads\/2023\/03\/chisiamo-1-300x152.png 300w, https:\/\/lnrprogetti.it\/wp-content\/uploads\/2023\/03\/chisiamo-1-1024x519.png 1024w, https:\/\/lnrprogetti.it\/wp-content\/uploads\/2023\/03\/chisiamo-1-768x390.png 768w, https:\/\/lnrprogetti.it\/wp-content\/uploads\/2023\/03\/chisiamo-1-200x101.png 200w\" sizes=\"(max-width: 1163px) 100vw, 1163px\" \/>\t\t\t\t\t\t\t\t\t\t\t\t\t\t\t<\/div>\n\t\t\t\t<\/div>\n\t\t\t\t\t<\/div>\n\t\t<\/div>\n\t\t\t\t\t<\/div>\n\t\t<\/section>\n\t\t\t\t<section class=\"elementor-section elementor-top-section elementor-element elementor-element-e27f529 elementor-section-boxed elementor-section-height-default elementor-section-height-default\" data-id=\"e27f529\" data-element_type=\"section\" data-e-type=\"section\" data-settings=\"{&quot;jet_parallax_layout_list&quot;:[]}\">\n\t\t\t\t\t\t<div class=\"elementor-container elementor-column-gap-default\">\n\t\t\t\t\t<div class=\"elementor-column elementor-col-100 elementor-top-column elementor-element elementor-element-b0df6d3\" data-id=\"b0df6d3\" data-element_type=\"column\" data-e-type=\"column\">\n\t\t\t<div class=\"elementor-widget-wrap elementor-element-populated\">\n\t\t\t\t\t\t<div class=\"elementor-element elementor-element-ed2f631 elementor-widget elementor-widget-heading\" data-id=\"ed2f631\" data-element_type=\"widget\" data-e-type=\"widget\" data-widget_type=\"heading.default\">\n\t\t\t\t<div class=\"elementor-widget-container\">\n\t\t\t\t\t<h3 class=\"elementor-heading-title elementor-size-default\">Des propositions durables et innovantes.<\/h3>\t\t\t\t<\/div>\n\t\t\t\t<\/div>\n\t\t\t\t<div class=\"elementor-element elementor-element-9170cf8 elementor-invisible elementor-widget elementor-widget-heading\" data-id=\"9170cf8\" data-element_type=\"widget\" data-e-type=\"widget\" data-settings=\"{&quot;_animation&quot;:&quot;fadeIn&quot;}\" data-widget_type=\"heading.default\">\n\t\t\t\t<div class=\"elementor-widget-container\">\n\t\t\t\t\t<h1 class=\"elementor-heading-title elementor-size-default\">\u00c0 propos de nous<\/h1>\t\t\t\t<\/div>\n\t\t\t\t<\/div>\n\t\t\t\t<div class=\"elementor-element elementor-element-91b7bd6 elementor-widget-divider--view-line elementor-invisible elementor-widget elementor-widget-global elementor-global-2205 elementor-widget-divider\" data-id=\"91b7bd6\" data-element_type=\"widget\" data-e-type=\"widget\" data-settings=\"{&quot;_animation&quot;:&quot;fadeIn&quot;,&quot;_animation_delay&quot;:200}\" data-widget_type=\"divider.default\">\n\t\t\t\t<div class=\"elementor-widget-container\">\n\t\t\t\t\t\t\t<div class=\"elementor-divider\">\n\t\t\t<span class=\"elementor-divider-separator\">\n\t\t\t\t\t\t<\/span>\n\t\t<\/div>\n\t\t\t\t\t\t<\/div>\n\t\t\t\t<\/div>\n\t\t\t\t\t<\/div>\n\t\t<\/div>\n\t\t\t\t\t<\/div>\n\t\t<\/section>\n\t\t\t\t<section class=\"elementor-section elementor-top-section elementor-element elementor-element-54cff6f elementor-section-boxed elementor-section-height-default elementor-section-height-default\" data-id=\"54cff6f\" data-element_type=\"section\" data-e-type=\"section\" data-settings=\"{&quot;jet_parallax_layout_list&quot;:[]}\">\n\t\t\t\t\t\t<div class=\"elementor-container elementor-column-gap-default\">\n\t\t\t\t\t<div class=\"elementor-column elementor-col-100 elementor-top-column elementor-element elementor-element-270624e\" data-id=\"270624e\" data-element_type=\"column\" data-e-type=\"column\">\n\t\t\t<div class=\"elementor-widget-wrap elementor-element-populated\">\n\t\t\t\t\t\t<div class=\"elementor-element elementor-element-4a95835 elementor-widget elementor-widget-heading\" data-id=\"4a95835\" data-element_type=\"widget\" data-e-type=\"widget\" data-widget_type=\"heading.default\">\n\t\t\t\t<div class=\"elementor-widget-container\">\n\t\t\t\t\t<h5 class=\"elementor-heading-title elementor-size-default\">LNR est une entreprise manufacturi\u00e8re italienne sp\u00e9cialis\u00e9e dans la production de moteurs et d'accessoires pour l'automatisation et la s\u00e9curit\u00e9 des volets roulants pour les installations r\u00e9sidentielles, commerciales et industrielles.<\/h5>\t\t\t\t<\/div>\n\t\t\t\t<\/div>\n\t\t\t\t<div class=\"elementor-element elementor-element-643a57f elementor-widget elementor-widget-heading\" data-id=\"643a57f\" data-element_type=\"widget\" data-e-type=\"widget\" data-widget_type=\"heading.default\">\n\t\t\t\t<div class=\"elementor-widget-container\">\n\t\t\t\t\t<div class=\"elementor-heading-title elementor-size-default\">Fid\u00e8les \u00e0 la meilleure tradition du MADE IN ITALY, gr\u00e2ce \u00e0 l'exp\u00e9rience de plus de dix ans du propri\u00e9taire et fondateur Roberto Postacchini, les propositions de LNR sont toujours innovantes, durables et caract\u00e9ris\u00e9es par un design exclusif et de haute qualit\u00e9.<\/div>\t\t\t\t<\/div>\n\t\t\t\t<\/div>\n\t\t\t\t<div class=\"elementor-element elementor-element-637fbb6 elementor-widget elementor-widget-heading\" data-id=\"637fbb6\" data-element_type=\"widget\" data-e-type=\"widget\" data-widget_type=\"heading.default\">\n\t\t\t\t<div class=\"elementor-widget-container\">\n\t\t\t\t\t<div class=\"elementor-heading-title elementor-size-default\">La mission quotidienne est la poursuite de l'excellence qui, dans le secteur de l'automatisation, se traduit par la s\u00e9curit\u00e9, la facilit\u00e9 d'utilisation et la fiabilit\u00e9. Les solutions LNR affectent \u00e0 la fois le travail des partenaires et le quotidien des clients, \u00e0 travers l'am\u00e9lioration de la qualit\u00e9 de vie des habitations et des environnements de travail<\/div>\t\t\t\t<\/div>\n\t\t\t\t<\/div>\n\t\t\t\t<div class=\"elementor-element elementor-element-9309104 elementor-widget elementor-widget-heading\" data-id=\"9309104\" data-element_type=\"widget\" data-e-type=\"widget\" data-widget_type=\"heading.default\">\n\t\t\t\t<div class=\"elementor-widget-container\">\n\t\t\t\t\t<div class=\"elementor-heading-title elementor-size-default\">\nLe concept de qualit\u00e9 est \u00e9galement \u00e9vident dans la gestion interne gr\u00e2ce \u00e0 un contr\u00f4le minutieux de la production, qui s'effectue dans le plein respect des r\u00e8gles de s\u00e9curit\u00e9 et de protection de l'environnement. Chaque produit LNR est conforme \u00e0 toutes les r\u00e9glementations europ\u00e9ennes en vigueur en Europe comme dans d'autres pays du monde, avec un engagement \u00e9troit avec T\u00dcV pour le maintien de normes de qualit\u00e9 \u00e9lev\u00e9es.<\/div>\t\t\t\t<\/div>\n\t\t\t\t<\/div>\n\t\t\t\t\t<\/div>\n\t\t<\/div>\n\t\t\t\t\t<\/div>\n\t\t<\/section>\n\t\t\t\t<section class=\"elementor-section elementor-top-section elementor-element elementor-element-92a6568 elementor-section-boxed elementor-section-height-default elementor-section-height-default\" data-id=\"92a6568\" data-element_type=\"section\" data-e-type=\"section\" data-settings=\"{&quot;jet_parallax_layout_list&quot;:[],&quot;background_background&quot;:&quot;classic&quot;}\">\n\t\t\t\t\t\t<div class=\"elementor-container elementor-column-gap-default\">\n\t\t\t\t\t<div class=\"elementor-column elementor-col-33 elementor-top-column elementor-element elementor-element-938823f\" data-id=\"938823f\" data-element_type=\"column\" data-e-type=\"column\">\n\t\t\t<div class=\"elementor-widget-wrap elementor-element-populated\">\n\t\t\t\t\t\t<div class=\"elementor-element elementor-element-fcf631a elementor-widget elementor-widget-image\" data-id=\"fcf631a\" data-element_type=\"widget\" data-e-type=\"widget\" data-widget_type=\"image.default\">\n\t\t\t\t<div class=\"elementor-widget-container\">\n\t\t\t\t\t\t\t\t\t\t\t\t\t\t\t<img decoding=\"async\" width=\"1000\" height=\"563\" src=\"https:\/\/lnrprogetti.it\/wp-content\/uploads\/2022\/12\/team-management.gif\" class=\"attachment-full size-full wp-image-1127\" alt=\"\" \/>\t\t\t\t\t\t\t\t\t\t\t\t\t\t\t<\/div>\n\t\t\t\t<\/div>\n\t\t\t\t<div class=\"elementor-element elementor-element-1a5b123 elementor-widget elementor-widget-heading\" data-id=\"1a5b123\" data-element_type=\"widget\" data-e-type=\"widget\" data-widget_type=\"heading.default\">\n\t\t\t\t<div class=\"elementor-widget-container\">\n\t\t\t\t\t<h3 class=\"elementor-heading-title elementor-size-default\">Mission<\/h3>\t\t\t\t<\/div>\n\t\t\t\t<\/div>\n\t\t\t\t<div class=\"elementor-element elementor-element-03ae49b elementor-widget elementor-widget-heading\" data-id=\"03ae49b\" data-element_type=\"widget\" data-e-type=\"widget\" data-widget_type=\"heading.default\">\n\t\t\t\t<div class=\"elementor-widget-container\">\n\t\t\t\t\t<div class=\"elementor-heading-title elementor-size-default\">Offrir des solutions innovantes et efficaces pour l'automatisation des r\u00e9alit\u00e9s r\u00e9sidentielles, commerciales et industrielles.\u200b<\/div>\t\t\t\t<\/div>\n\t\t\t\t<\/div>\n\t\t\t\t\t<\/div>\n\t\t<\/div>\n\t\t\t\t<div class=\"elementor-column elementor-col-33 elementor-top-column elementor-element elementor-element-902f05b\" data-id=\"902f05b\" data-element_type=\"column\" data-e-type=\"column\">\n\t\t\t<div class=\"elementor-widget-wrap elementor-element-populated\">\n\t\t\t\t\t\t<div class=\"elementor-element elementor-element-3e9f122 elementor-widget elementor-widget-image\" data-id=\"3e9f122\" data-element_type=\"widget\" data-e-type=\"widget\" data-widget_type=\"image.default\">\n\t\t\t\t<div class=\"elementor-widget-container\">\n\t\t\t\t\t\t\t\t\t\t\t\t\t\t\t<img decoding=\"async\" width=\"1000\" height=\"563\" src=\"https:\/\/lnrprogetti.it\/wp-content\/uploads\/2022\/12\/star-team.gif\" class=\"attachment-full size-full wp-image-1122\" alt=\"\" \/>\t\t\t\t\t\t\t\t\t\t\t\t\t\t\t<\/div>\n\t\t\t\t<\/div>\n\t\t\t\t<div class=\"elementor-element elementor-element-c8eda66 elementor-widget elementor-widget-heading\" data-id=\"c8eda66\" data-element_type=\"widget\" data-e-type=\"widget\" data-widget_type=\"heading.default\">\n\t\t\t\t<div class=\"elementor-widget-container\">\n\t\t\t\t\t<h3 class=\"elementor-heading-title elementor-size-default\">Vision<\/h3>\t\t\t\t<\/div>\n\t\t\t\t<\/div>\n\t\t\t\t<div class=\"elementor-element elementor-element-b49581a elementor-widget elementor-widget-heading\" data-id=\"b49581a\" data-element_type=\"widget\" data-e-type=\"widget\" data-widget_type=\"heading.default\">\n\t\t\t\t<div class=\"elementor-widget-container\">\n\t\t\t\t\t<div class=\"elementor-heading-title elementor-size-default\">Apporter innovation et s\u00e9curit\u00e9<br>\ndans des environnements\ndomestiques et industriels.<\/div>\t\t\t\t<\/div>\n\t\t\t\t<\/div>\n\t\t\t\t\t<\/div>\n\t\t<\/div>\n\t\t\t\t<div class=\"elementor-column elementor-col-33 elementor-top-column elementor-element elementor-element-9b6340c\" data-id=\"9b6340c\" data-element_type=\"column\" data-e-type=\"column\">\n\t\t\t<div class=\"elementor-widget-wrap elementor-element-populated\">\n\t\t\t\t\t\t<div class=\"elementor-element elementor-element-b83347f elementor-widget elementor-widget-image\" data-id=\"b83347f\" data-element_type=\"widget\" data-e-type=\"widget\" data-widget_type=\"image.default\">\n\t\t\t\t<div class=\"elementor-widget-container\">\n\t\t\t\t\t\t\t\t\t\t\t\t\t\t\t<img loading=\"lazy\" decoding=\"async\" width=\"1000\" height=\"563\" src=\"https:\/\/lnrprogetti.it\/wp-content\/uploads\/2022\/12\/team-brainstorming.gif\" class=\"attachment-full size-full wp-image-1117\" alt=\"\" \/>\t\t\t\t\t\t\t\t\t\t\t\t\t\t\t<\/div>\n\t\t\t\t<\/div>\n\t\t\t\t<div class=\"elementor-element elementor-element-54ac227 elementor-widget elementor-widget-heading\" data-id=\"54ac227\" data-element_type=\"widget\" data-e-type=\"widget\" data-widget_type=\"heading.default\">\n\t\t\t\t<div class=\"elementor-widget-container\">\n\t\t\t\t\t<h3 class=\"elementor-heading-title elementor-size-default\">Valeurs<\/h3>\t\t\t\t<\/div>\n\t\t\t\t<\/div>\n\t\t\t\t<div class=\"elementor-element elementor-element-3056069 elementor-widget elementor-widget-heading\" data-id=\"3056069\" data-element_type=\"widget\" data-e-type=\"widget\" data-widget_type=\"heading.default\">\n\t\t\t\t<div class=\"elementor-widget-container\">\n\t\t\t\t\t<div class=\"elementor-heading-title elementor-size-default\">Attention \u00e0 l'environnement\u00a0avec des productions \u00e0 faible consommation et des sorties qui r\u00e9int\u00e8grent\u00a0dans l'\u00e9conomie circulaire.<\/div>\t\t\t\t<\/div>\n\t\t\t\t<\/div>\n\t\t\t\t\t<\/div>\n\t\t<\/div>\n\t\t\t\t\t<\/div>\n\t\t<\/section>\n\t\t\t\t<\/div>\n\t\t","protected":false},"excerpt":{"rendered":"<p>Des propositions durables et innovantes. \u00c0 propos de nous LNR est une entreprise manufacturi\u00e8re italienne sp\u00e9cialis\u00e9e dans la production de moteurs et d&rsquo;accessoires pour l&rsquo;automatisation et la s\u00e9curit\u00e9 des volets roulants pour les installations r\u00e9sidentielles, commerciales et industrielles. Fid\u00e8les \u00e0 la meilleure tradition du MADE IN ITALY, gr\u00e2ce \u00e0 l&rsquo;exp\u00e9rience de plus de dix ans [&hellip;]<\/p>\n","protected":false},"author":1,"featured_media":0,"parent":0,"menu_order":0,"comment_status":"closed","ping_status":"closed","template":"","meta":{"_seopress_robots_primary_cat":"","_seopress_titles_title":"","_seopress_titles_desc":"","_seopress_robots_index":"","footnotes":""},"class_list":["post-2949","page","type-page","status-publish","hentry"],"_links":{"self":[{"href":"https:\/\/lnrprogetti.it\/fr\/wp-json\/wp\/v2\/pages\/2949","targetHints":{"allow":["GET"]}}],"collection":[{"href":"https:\/\/lnrprogetti.it\/fr\/wp-json\/wp\/v2\/pages"}],"about":[{"href":"https:\/\/lnrprogetti.it\/fr\/wp-json\/wp\/v2\/types\/page"}],"author":[{"embeddable":true,"href":"https:\/\/lnrprogetti.it\/fr\/wp-json\/wp\/v2\/users\/1"}],"replies":[{"embeddable":true,"href":"https:\/\/lnrprogetti.it\/fr\/wp-json\/wp\/v2\/comments?post=2949"}],"version-history":[{"count":0,"href":"https:\/\/lnrprogetti.it\/fr\/wp-json\/wp\/v2\/pages\/2949\/revisions"}],"wp:attachment":[{"href":"https:\/\/lnrprogetti.it\/fr\/wp-json\/wp\/v2\/media?parent=2949"}],"curies":[{"name":"wp","href":"https:\/\/api.w.org\/{rel}","templated":true}]}}